{"id":414,"date":"2024-09-26T17:34:37","date_gmt":"2024-09-26T17:34:37","guid":{"rendered":"https:\/\/mbinsuranceinc.com\/polityka-prywatnosci\/"},"modified":"2024-12-09T11:41:20","modified_gmt":"2024-12-09T11:41:20","slug":"polityka-prywatnosci","status":"publish","type":"page","link":"https:\/\/mbinsuranceinc.com\/pl\/polityka-prywatnosci\/","title":{"rendered":"Polityka prywatno\u015bci"},"content":{"rendered":"\n<h2 class=\"wp-block-heading\">Kim jeste\u015bmy<\/h2>\n\n\n\n<p>MB Insurance jest licencjonowan\u0105 firm\u0105 ubezpieczeniow\u0105 Medicare, kt\u00f3ra obs\u0142uguje klient\u00f3w z obszaru Chicago od 2008 roku.<\/p>\n\n\n\n<p>Nasza firma posiada zesp\u00f3\u0142 butikowy, kt\u00f3ry m\u00f3wi w kilku j\u0119zykach: angielskim, polskim i hiszpa\u0144skim. Nasz zesp\u00f3\u0142 jest tutaj, aby Ci pom\u00f3c i poprowadzi\u0107 Ci\u0119 w sprawie ka\u017cdego planu opieki zdrowotnej dost\u0119pnego od rz\u0105du USA. Adres naszej strony internetowej to: <a href=\"https:\/\/mbinsuranceinc.com\">https:\/\/mbinsuranceinc.com<\/a>.<\/p>\n\n\n\n<h2 class=\"wp-block-heading\">G\u0142oska bezd\u017awi\u0119czna<\/h2>\n\n\n\n<p>Je\u015bli przesy\u0142asz obrazy na stron\u0119 internetow\u0105, powiniene\u015b unika\u0107 przesy\u0142ania obraz\u00f3w z osadzonymi danymi o lokalizacji (EXIF GPS). Odwiedzaj\u0105cy witryn\u0119 mog\u0105 pobiera\u0107 i wyodr\u0119bnia\u0107 dowolne dane dotycz\u0105ce lokalizacji z obraz\u00f3w znajduj\u0105cych si\u0119 na stronie internetowej.<\/p>\n\n\n\n<h2 class=\"wp-block-heading\">Ciastka<\/h2>\n\n\n\n<p>Na naszej stronie nie u\u017cywamy ani nie przechowujemy plik\u00f3w cookie.<\/p>\n\n\n\n<h2 class=\"wp-block-heading\">Osadzone tre\u015bci z innych stron internetowych<\/h2>\n\n\n\n<p>Artyku\u0142y w tej witrynie mog\u0105 zawiera\u0107 osadzone tre\u015bci (np. filmy, obrazy, artyku\u0142y itp.). Osadzone tre\u015bci z innych witryn zachowuj\u0105 si\u0119 dok\u0142adnie tak samo, jakby u\u017cytkownik odwiedzi\u0142 inn\u0105 witryn\u0119.<\/p>\n\n\n\n<p>Strony te mog\u0105 gromadzi\u0107 dane o Tobie, wykorzystywa\u0107 pliki cookie, osadza\u0107 dodatkowe \u015bledzenie stron trzecich i monitorowa\u0107 Twoj\u0105 interakcj\u0119 z osadzon\u0105 tre\u015bci\u0105, w tym \u015bledzenie Twojej interakcji z osadzon\u0105 tre\u015bci\u0105, je\u015bli masz konto i jeste\u015b zalogowany w tej witrynie.<\/p>\n\n\n\n<h2 class=\"wp-block-heading\">Komu udost\u0119pniamy Twoje dane<\/h2>\n\n\n\n<p>Nie udost\u0119pniamy nikomu Twoich danych. Twoje dane s\u0105 zabezpieczone i przechowywane wy\u0142\u0105cznie na u\u017cytek naszej firmy.<\/p>\n\n\n\n<h2 class=\"wp-block-heading\">Jak d\u0142ugo przechowujemy Twoje dane<\/h2>\n\n\n\n<p>Przechowujemy Twoje dane razem z Twoim plikiem fizycznym. Mo\u017cesz poprosi\u0107 o usuni\u0119cie swoich danych, kontaktuj\u0105c si\u0119 z nami za po\u015brednictwem naszej strony <a href=\"https:\/\/mbinsuranceinc.com\/pl\/kontakt\">kontaktowej<\/a>.<\/p>\n\n\n\n<p>W przypadku jakichkolwiek pyta\u0144 prosimy o kontakt za po\u015brednictwem naszej strony kontaktowej, telefonu, poczty elektronicznej lub odwiedzenia nas osobi\u015bcie.<\/p>\n","protected":false},"excerpt":{"rendered":"<p>Kim jeste\u015bmy MB Insurance jest licencjonowan\u0105 firm\u0105 ubezpieczeniow\u0105 Medicare, kt\u00f3ra obs\u0142uguje klient\u00f3w z obszaru Chicago od 2008 roku. Nasza firma posiada zesp\u00f3\u0142 butikowy, kt\u00f3ry m\u00f3wi w kilku j\u0119zykach: angielskim, polskim [&hellip;]<\/p>\n","protected":false},"author":1,"featured_media":0,"parent":0,"menu_order":0,"comment_status":"closed","ping_status":"closed","template":"","meta":{"_acf_changed":false,"_price":"","_stock":"","_tribe_ticket_header":"","_tribe_default_ticket_provider":"","_tribe_ticket_capacity":"0","_ticket_start_date":"","_ticket_end_date":"","_tribe_ticket_show_description":"","_tribe_ticket_show_not_going":false,"_tribe_ticket_use_global_stock":"","_tribe_ticket_global_stock_level":"","_global_stock_mode":"","_global_stock_cap":"","_tribe_rsvp_for_event":"","_tribe_ticket_going_count":"","_tribe_ticket_not_going_count":"","_tribe_tickets_list":"[]","_tribe_ticket_has_attendee_info_fields":false,"footnotes":"","_tec_slr_enabled":"","_tec_slr_layout":""},"class_list":["post-414","page","type-page","status-publish","hentry"],"acf":[],"yoast_head":"<!-- This site is optimized with the Yoast SEO plugin v24.0 - https:\/\/yoast.com\/wordpress\/plugins\/seo\/ -->\n<title>Polityka prywatno\u015bci - MB Insurance<\/title>\n<meta name=\"robots\" content=\"index, follow, max-snippet:-1, max-image-preview:large, max-video-preview:-1\" \/>\n<link rel=\"canonical\" href=\"https:\/\/mbinsuranceinc.com\/pl\/polityka-prywatnosci\/\" \/>\n<meta property=\"og:locale\" content=\"pl_PL\" \/>\n<meta property=\"og:type\" content=\"article\" \/>\n<meta property=\"og:title\" content=\"Polityka prywatno\u015bci - MB Insurance\" \/>\n<meta property=\"og:description\" content=\"Kim jeste\u015bmy MB Insurance jest licencjonowan\u0105 firm\u0105 ubezpieczeniow\u0105 Medicare, kt\u00f3ra obs\u0142uguje klient\u00f3w z obszaru Chicago od 2008 roku. Nasza firma posiada zesp\u00f3\u0142 butikowy, kt\u00f3ry m\u00f3wi w kilku j\u0119zykach: angielskim, polskim [&hellip;]\" \/>\n<meta property=\"og:url\" content=\"https:\/\/mbinsuranceinc.com\/pl\/polityka-prywatnosci\/\" \/>\n<meta property=\"og:site_name\" content=\"MB Insurance\" \/>\n<meta property=\"article:modified_time\" content=\"2024-12-09T11:41:20+00:00\" \/>\n<meta property=\"og:image\" content=\"https:\/\/mbinsuranceinc.com\/wp-content\/uploads\/2024\/12\/Yoast-Site-identity.png\" \/>\n\t<meta property=\"og:image:width\" content=\"1200\" \/>\n\t<meta property=\"og:image:height\" content=\"675\" \/>\n\t<meta property=\"og:image:type\" content=\"image\/png\" \/>\n<meta name=\"twitter:card\" content=\"summary_large_image\" \/>\n<meta name=\"twitter:label1\" content=\"Szacowany czas czytania\" \/>\n\t<meta name=\"twitter:data1\" content=\"2 minuty\" \/>\n<script type=\"application\/ld+json\" class=\"yoast-schema-graph\">{\"@context\":\"https:\/\/schema.org\",\"@graph\":[{\"@type\":\"WebPage\",\"@id\":\"https:\/\/mbinsuranceinc.com\/pl\/polityka-prywatnosci\/\",\"url\":\"https:\/\/mbinsuranceinc.com\/pl\/polityka-prywatnosci\/\",\"name\":\"Polityka prywatno\u015bci - MB Insurance\",\"isPartOf\":{\"@id\":\"https:\/\/mbinsuranceinc.com\/pl\/#website\"},\"datePublished\":\"2024-09-26T17:34:37+00:00\",\"dateModified\":\"2024-12-09T11:41:20+00:00\",\"breadcrumb\":{\"@id\":\"https:\/\/mbinsuranceinc.com\/pl\/polityka-prywatnosci\/#breadcrumb\"},\"inLanguage\":\"pl-PL\",\"potentialAction\":[{\"@type\":\"ReadAction\",\"target\":[\"https:\/\/mbinsuranceinc.com\/pl\/polityka-prywatnosci\/\"]}]},{\"@type\":\"BreadcrumbList\",\"@id\":\"https:\/\/mbinsuranceinc.com\/pl\/polityka-prywatnosci\/#breadcrumb\",\"itemListElement\":[{\"@type\":\"ListItem\",\"position\":1,\"name\":\"Home\",\"item\":\"https:\/\/mbinsuranceinc.com\/pl\/\"},{\"@type\":\"ListItem\",\"position\":2,\"name\":\"Polityka prywatno\u015bci\"}]},{\"@type\":\"WebSite\",\"@id\":\"https:\/\/mbinsuranceinc.com\/pl\/#website\",\"url\":\"https:\/\/mbinsuranceinc.com\/pl\/\",\"name\":\"MB Insurance Health and Medicare Professionals\",\"description\":\"Medicare and Health Insurance professionals\",\"potentialAction\":[{\"@type\":\"SearchAction\",\"target\":{\"@type\":\"EntryPoint\",\"urlTemplate\":\"https:\/\/mbinsuranceinc.com\/pl\/?s={search_term_string}\"},\"query-input\":{\"@type\":\"PropertyValueSpecification\",\"valueRequired\":true,\"valueName\":\"search_term_string\"}}],\"inLanguage\":\"pl-PL\"}]}<\/script>\n<!-- \/ Yoast SEO plugin. -->","yoast_head_json":{"title":"Polityka prywatno\u015bci - MB Insurance","robots":{"index":"index","follow":"follow","max-snippet":"max-snippet:-1","max-image-preview":"max-image-preview:large","max-video-preview":"max-video-preview:-1"},"canonical":"https:\/\/mbinsuranceinc.com\/pl\/polityka-prywatnosci\/","og_locale":"pl_PL","og_type":"article","og_title":"Polityka prywatno\u015bci - MB Insurance","og_description":"Kim jeste\u015bmy MB Insurance jest licencjonowan\u0105 firm\u0105 ubezpieczeniow\u0105 Medicare, kt\u00f3ra obs\u0142uguje klient\u00f3w z obszaru Chicago od 2008 roku. Nasza firma posiada zesp\u00f3\u0142 butikowy, kt\u00f3ry m\u00f3wi w kilku j\u0119zykach: angielskim, polskim [&hellip;]","og_url":"https:\/\/mbinsuranceinc.com\/pl\/polityka-prywatnosci\/","og_site_name":"MB Insurance","article_modified_time":"2024-12-09T11:41:20+00:00","og_image":[{"width":1200,"height":675,"url":"https:\/\/mbinsuranceinc.com\/wp-content\/uploads\/2024\/12\/Yoast-Site-identity.png","type":"image\/png"}],"twitter_card":"summary_large_image","twitter_misc":{"Szacowany czas czytania":"2 minuty"},"schema":{"@context":"https:\/\/schema.org","@graph":[{"@type":"WebPage","@id":"https:\/\/mbinsuranceinc.com\/pl\/polityka-prywatnosci\/","url":"https:\/\/mbinsuranceinc.com\/pl\/polityka-prywatnosci\/","name":"Polityka prywatno\u015bci - MB Insurance","isPartOf":{"@id":"https:\/\/mbinsuranceinc.com\/pl\/#website"},"datePublished":"2024-09-26T17:34:37+00:00","dateModified":"2024-12-09T11:41:20+00:00","breadcrumb":{"@id":"https:\/\/mbinsuranceinc.com\/pl\/polityka-prywatnosci\/#breadcrumb"},"inLanguage":"pl-PL","potentialAction":[{"@type":"ReadAction","target":["https:\/\/mbinsuranceinc.com\/pl\/polityka-prywatnosci\/"]}]},{"@type":"BreadcrumbList","@id":"https:\/\/mbinsuranceinc.com\/pl\/polityka-prywatnosci\/#breadcrumb","itemListElement":[{"@type":"ListItem","position":1,"name":"Home","item":"https:\/\/mbinsuranceinc.com\/pl\/"},{"@type":"ListItem","position":2,"name":"Polityka prywatno\u015bci"}]},{"@type":"WebSite","@id":"https:\/\/mbinsuranceinc.com\/pl\/#website","url":"https:\/\/mbinsuranceinc.com\/pl\/","name":"MB Insurance Health and Medicare Professionals","description":"Medicare and Health Insurance professionals","potentialAction":[{"@type":"SearchAction","target":{"@type":"EntryPoint","urlTemplate":"https:\/\/mbinsuranceinc.com\/pl\/?s={search_term_string}"},"query-input":{"@type":"PropertyValueSpecification","valueRequired":true,"valueName":"search_term_string"}}],"inLanguage":"pl-PL"}]}},"ticketed":false,"_links":{"self":[{"href":"https:\/\/mbinsuranceinc.com\/pl\/wp-json\/wp\/v2\/pages\/414","targetHints":{"allow":["GET"]}}],"collection":[{"href":"https:\/\/mbinsuranceinc.com\/pl\/wp-json\/wp\/v2\/pages"}],"about":[{"href":"https:\/\/mbinsuranceinc.com\/pl\/wp-json\/wp\/v2\/types\/page"}],"author":[{"embeddable":true,"href":"https:\/\/mbinsuranceinc.com\/pl\/wp-json\/wp\/v2\/users\/1"}],"replies":[{"embeddable":true,"href":"https:\/\/mbinsuranceinc.com\/pl\/wp-json\/wp\/v2\/comments?post=414"}],"version-history":[{"count":0,"href":"https:\/\/mbinsuranceinc.com\/pl\/wp-json\/wp\/v2\/pages\/414\/revisions"}],"wp:attachment":[{"href":"https:\/\/mbinsuranceinc.com\/pl\/wp-json\/wp\/v2\/media?parent=414"}],"curies":[{"name":"wp","href":"https:\/\/api.w.org\/{rel}","templated":true}]}}