{"id":412,"date":"2024-09-26T17:47:48","date_gmt":"2024-09-26T17:47:48","guid":{"rendered":"https:\/\/mbinsuranceinc.com\/warunki-uzytkowania\/"},"modified":"2024-12-09T17:55:24","modified_gmt":"2024-12-09T17:55:24","slug":"warunki-uzytkowania","status":"publish","type":"page","link":"https:\/\/mbinsuranceinc.com\/pl\/warunki-uzytkowania\/","title":{"rendered":"Warunki u\u017cytkowania"},"content":{"rendered":"\n<p>Witamy w MB Insurance Inc, gdzie udzielamy informacji i us\u0142ug zwi\u0105zanych z ubezpieczeniami medycznymi. Wchodz\u0105c na nasz\u0105 stron\u0119 internetow\u0105, wyra\u017casz zgod\u0119 na przestrzeganie poni\u017cszych Warunk\u00f3w u\u017cytkowania i jeste\u015b nimi zwi\u0105zany.<br><\/p>\n\n\n\n<ol class=\"wp-block-list\">\n<li><strong>Korzystanie ze strony internetowej<br><\/strong><br>Zgadzasz si\u0119 nie anga\u017cowa\u0107 w \u017cadne dzia\u0142ania, kt\u00f3re mog\u0142yby uszkodzi\u0107, wy\u0142\u0105czy\u0107 lub os\u0142abi\u0107 funkcjonalno\u015b\u0107 witryny lub zak\u0142\u00f3ci\u0107 korzystanie z niej przez innego u\u017cytkownika.<br><strong><br><\/strong><\/li>\n\n\n\n<li><strong>Dok\u0142adno\u015b\u0107 informacji<\/strong><br><strong><br><\/strong>Chocia\u017c staramy si\u0119 dostarcza\u0107 dok\u0142adne i aktualne informacje, <a href=\"https:\/\/MBInsuranceinc.com\/\">MBInsuranceinc.com<\/a> nie udziela \u017cadnych gwarancji ani o\u015bwiadcze\u0144 dotycz\u0105cych dok\u0142adno\u015bci, wiarygodno\u015bci ani kompletno\u015bci dostarczonych informacji. Ca\u0142a zawarto\u015b\u0107 witryny ma wy\u0142\u0105cznie charakter informacyjny i nie nale\u017cy jej uwa\u017ca\u0107 za porad\u0119 medyczn\u0105, prawn\u0105 lub finansow\u0105.<br><strong><br><\/strong><\/li>\n\n\n\n<li><strong>Us\u0142ugi ubezpieczenia medycznego<\/strong> <br><br>Dostarczamy specjalistycznych informacji na temat opcji ubezpieczenia medycznego, ale nie oferujemy bezpo\u015brednio polis ubezpieczeniowych. Aby uzyska\u0107 spersonalizowan\u0105 porad\u0119 ubezpieczeniow\u0105 lub wykupi\u0107 ubezpieczenie, nale\u017cy skonsultowa\u0107 si\u0119 z licencjonowanym ubezpieczycielem lub przewo\u017anikiem.<br><br><\/li>\n\n\n\n<li><strong>Prywatno\u015b\u0107 i bezpiecze\u0144stwo danych<\/strong> <br><br>Korzystanie z naszej witryny internetowej podlega naszej Polityce prywatno\u015bci, kt\u00f3ra wyja\u015bnia, w jaki spos\u00f3b gromadzimy, wykorzystujemy i chronimy Twoje dane osobowe. Korzystaj\u0105c z serwisu wyra\u017casz zgod\u0119 na praktyki opisane w naszej <a href=\"https:\/\/mbinsuranceinc.com\/pl\/polityka-prywatnosci\/\">Polityce Prywatno\u015bci.<\/a><br><br><\/li>\n\n\n\n<li><strong>Linki do stron internetowych os\u00f3b trzecich<\/strong> <br><br>Dla Twojej wygody nasza witryna internetowa mo\u017ce zawiera\u0107 \u0142\u0105cza do witryn stron trzecich. Nie kontrolujemy ani nie popieramy tych zewn\u0119trznych witryn i nie ponosimy odpowiedzialno\u015bci za ich tre\u015b\u0107, praktyki dotycz\u0105ce prywatno\u015bci ani warunki u\u017cytkowania.<br><br><\/li>\n\n\n\n<li><strong>Ograniczenie odpowiedzialno\u015bci<\/strong> <br><br>Nasza witryna internetowa i jej podmioty stowarzyszone nie ponosz\u0105 odpowiedzialno\u015bci za jakiekolwiek bezpo\u015brednie, po\u015brednie, przypadkowe lub wt\u00f3rne szkody powsta\u0142e w wyniku korzystania z witryny internetowej lub polegania na dostarczonych informacjach. Nie gwarantujemy nieprzerwanego dost\u0119pu do serwisu.<br><br><\/li>\n\n\n\n<li><strong>Zmiany Warunk\u00f3w<\/strong> <br><br>Zastrzegamy sobie prawo do aktualizacji lub modyfikacji niniejszych Warunk\u00f3w u\u017cytkowania w dowolnym momencie. Zmiany zostan\u0105 opublikowane na tej stronie, a zmieniona data zostanie odpowiednio zaktualizowana. Prosimy o regularne zapoznawanie si\u0119 z niniejszymi warunkami.<br><br><\/li>\n\n\n\n<li><strong>Skontaktuj si\u0119 z nami<\/strong> <br><br>Je\u015bli masz jakiekolwiek pytania lub w\u0105tpliwo\u015bci dotycz\u0105ce niniejszych Warunk\u00f3w u\u017cytkowania, skontaktuj si\u0119 z nami na stronie <a href=\"https:\/\/mbinsuranceinc.com\/pl\/kontakt\/\">Kontakt.<\/a><\/li>\n<\/ol>\n\n\n\n<p><\/p>\n","protected":false},"excerpt":{"rendered":"<p>Witamy w MB Insurance Inc, gdzie udzielamy informacji i us\u0142ug zwi\u0105zanych z ubezpieczeniami medycznymi. Wchodz\u0105c na nasz\u0105 stron\u0119 internetow\u0105, wyra\u017casz zgod\u0119 na przestrzeganie poni\u017cszych Warunk\u00f3w u\u017cytkowania i jeste\u015b nimi zwi\u0105zany.<\/p>\n","protected":false},"author":1,"featured_media":0,"parent":0,"menu_order":0,"comment_status":"closed","ping_status":"closed","template":"","meta":{"_acf_changed":false,"_price":"","_stock":"","_tribe_ticket_header":"","_tribe_default_ticket_provider":"","_tribe_ticket_capacity":"0","_ticket_start_date":"","_ticket_end_date":"","_tribe_ticket_show_description":"","_tribe_ticket_show_not_going":false,"_tribe_ticket_use_global_stock":"","_tribe_ticket_global_stock_level":"","_global_stock_mode":"","_global_stock_cap":"","_tribe_rsvp_for_event":"","_tribe_ticket_going_count":"","_tribe_ticket_not_going_count":"","_tribe_tickets_list":"[]","_tribe_ticket_has_attendee_info_fields":false,"footnotes":"","_tec_slr_enabled":"","_tec_slr_layout":""},"class_list":["post-412","page","type-page","status-publish","hentry"],"acf":[],"yoast_head":"<!-- This site is optimized with the Yoast SEO plugin v24.0 - https:\/\/yoast.com\/wordpress\/plugins\/seo\/ -->\n<title>Warunki u\u017cytkowania - MB Insurance<\/title>\n<meta name=\"robots\" content=\"index, follow, max-snippet:-1, max-image-preview:large, max-video-preview:-1\" \/>\n<link rel=\"canonical\" href=\"https:\/\/mbinsuranceinc.com\/pl\/warunki-uzytkowania\/\" \/>\n<meta property=\"og:locale\" content=\"pl_PL\" \/>\n<meta property=\"og:type\" content=\"article\" \/>\n<meta property=\"og:title\" content=\"Warunki u\u017cytkowania - MB Insurance\" \/>\n<meta property=\"og:description\" content=\"Witamy w MB Insurance Inc, gdzie udzielamy informacji i us\u0142ug zwi\u0105zanych z ubezpieczeniami medycznymi. Wchodz\u0105c na nasz\u0105 stron\u0119 internetow\u0105, wyra\u017casz zgod\u0119 na przestrzeganie poni\u017cszych Warunk\u00f3w u\u017cytkowania i jeste\u015b nimi zwi\u0105zany.\" \/>\n<meta property=\"og:url\" content=\"https:\/\/mbinsuranceinc.com\/pl\/warunki-uzytkowania\/\" \/>\n<meta property=\"og:site_name\" content=\"MB Insurance\" \/>\n<meta property=\"article:modified_time\" content=\"2024-12-09T17:55:24+00:00\" \/>\n<meta property=\"og:image\" content=\"https:\/\/mbinsuranceinc.com\/wp-content\/uploads\/2024\/12\/Yoast-Site-identity.png\" \/>\n\t<meta property=\"og:image:width\" content=\"1200\" \/>\n\t<meta property=\"og:image:height\" content=\"675\" \/>\n\t<meta property=\"og:image:type\" content=\"image\/png\" \/>\n<meta name=\"twitter:card\" content=\"summary_large_image\" \/>\n<meta name=\"twitter:label1\" content=\"Szacowany czas czytania\" \/>\n\t<meta name=\"twitter:data1\" content=\"2 minuty\" \/>\n<script type=\"application\/ld+json\" class=\"yoast-schema-graph\">{\"@context\":\"https:\/\/schema.org\",\"@graph\":[{\"@type\":\"WebPage\",\"@id\":\"https:\/\/mbinsuranceinc.com\/pl\/warunki-uzytkowania\/\",\"url\":\"https:\/\/mbinsuranceinc.com\/pl\/warunki-uzytkowania\/\",\"name\":\"Warunki u\u017cytkowania - MB Insurance\",\"isPartOf\":{\"@id\":\"https:\/\/mbinsuranceinc.com\/pl\/#website\"},\"datePublished\":\"2024-09-26T17:47:48+00:00\",\"dateModified\":\"2024-12-09T17:55:24+00:00\",\"breadcrumb\":{\"@id\":\"https:\/\/mbinsuranceinc.com\/pl\/warunki-uzytkowania\/#breadcrumb\"},\"inLanguage\":\"pl-PL\",\"potentialAction\":[{\"@type\":\"ReadAction\",\"target\":[\"https:\/\/mbinsuranceinc.com\/pl\/warunki-uzytkowania\/\"]}]},{\"@type\":\"BreadcrumbList\",\"@id\":\"https:\/\/mbinsuranceinc.com\/pl\/warunki-uzytkowania\/#breadcrumb\",\"itemListElement\":[{\"@type\":\"ListItem\",\"position\":1,\"name\":\"Home\",\"item\":\"https:\/\/mbinsuranceinc.com\/pl\/\"},{\"@type\":\"ListItem\",\"position\":2,\"name\":\"Warunki u\u017cytkowania\"}]},{\"@type\":\"WebSite\",\"@id\":\"https:\/\/mbinsuranceinc.com\/pl\/#website\",\"url\":\"https:\/\/mbinsuranceinc.com\/pl\/\",\"name\":\"MB Insurance Health and Medicare Professionals\",\"description\":\"Medicare and Health Insurance professionals\",\"potentialAction\":[{\"@type\":\"SearchAction\",\"target\":{\"@type\":\"EntryPoint\",\"urlTemplate\":\"https:\/\/mbinsuranceinc.com\/pl\/?s={search_term_string}\"},\"query-input\":{\"@type\":\"PropertyValueSpecification\",\"valueRequired\":true,\"valueName\":\"search_term_string\"}}],\"inLanguage\":\"pl-PL\"}]}<\/script>\n<!-- \/ Yoast SEO plugin. -->","yoast_head_json":{"title":"Warunki u\u017cytkowania - MB Insurance","robots":{"index":"index","follow":"follow","max-snippet":"max-snippet:-1","max-image-preview":"max-image-preview:large","max-video-preview":"max-video-preview:-1"},"canonical":"https:\/\/mbinsuranceinc.com\/pl\/warunki-uzytkowania\/","og_locale":"pl_PL","og_type":"article","og_title":"Warunki u\u017cytkowania - MB Insurance","og_description":"Witamy w MB Insurance Inc, gdzie udzielamy informacji i us\u0142ug zwi\u0105zanych z ubezpieczeniami medycznymi. Wchodz\u0105c na nasz\u0105 stron\u0119 internetow\u0105, wyra\u017casz zgod\u0119 na przestrzeganie poni\u017cszych Warunk\u00f3w u\u017cytkowania i jeste\u015b nimi zwi\u0105zany.","og_url":"https:\/\/mbinsuranceinc.com\/pl\/warunki-uzytkowania\/","og_site_name":"MB Insurance","article_modified_time":"2024-12-09T17:55:24+00:00","og_image":[{"width":1200,"height":675,"url":"https:\/\/mbinsuranceinc.com\/wp-content\/uploads\/2024\/12\/Yoast-Site-identity.png","type":"image\/png"}],"twitter_card":"summary_large_image","twitter_misc":{"Szacowany czas czytania":"2 minuty"},"schema":{"@context":"https:\/\/schema.org","@graph":[{"@type":"WebPage","@id":"https:\/\/mbinsuranceinc.com\/pl\/warunki-uzytkowania\/","url":"https:\/\/mbinsuranceinc.com\/pl\/warunki-uzytkowania\/","name":"Warunki u\u017cytkowania - MB Insurance","isPartOf":{"@id":"https:\/\/mbinsuranceinc.com\/pl\/#website"},"datePublished":"2024-09-26T17:47:48+00:00","dateModified":"2024-12-09T17:55:24+00:00","breadcrumb":{"@id":"https:\/\/mbinsuranceinc.com\/pl\/warunki-uzytkowania\/#breadcrumb"},"inLanguage":"pl-PL","potentialAction":[{"@type":"ReadAction","target":["https:\/\/mbinsuranceinc.com\/pl\/warunki-uzytkowania\/"]}]},{"@type":"BreadcrumbList","@id":"https:\/\/mbinsuranceinc.com\/pl\/warunki-uzytkowania\/#breadcrumb","itemListElement":[{"@type":"ListItem","position":1,"name":"Home","item":"https:\/\/mbinsuranceinc.com\/pl\/"},{"@type":"ListItem","position":2,"name":"Warunki u\u017cytkowania"}]},{"@type":"WebSite","@id":"https:\/\/mbinsuranceinc.com\/pl\/#website","url":"https:\/\/mbinsuranceinc.com\/pl\/","name":"MB Insurance Health and Medicare Professionals","description":"Medicare and Health Insurance professionals","potentialAction":[{"@type":"SearchAction","target":{"@type":"EntryPoint","urlTemplate":"https:\/\/mbinsuranceinc.com\/pl\/?s={search_term_string}"},"query-input":{"@type":"PropertyValueSpecification","valueRequired":true,"valueName":"search_term_string"}}],"inLanguage":"pl-PL"}]}},"ticketed":false,"_links":{"self":[{"href":"https:\/\/mbinsuranceinc.com\/pl\/wp-json\/wp\/v2\/pages\/412","targetHints":{"allow":["GET"]}}],"collection":[{"href":"https:\/\/mbinsuranceinc.com\/pl\/wp-json\/wp\/v2\/pages"}],"about":[{"href":"https:\/\/mbinsuranceinc.com\/pl\/wp-json\/wp\/v2\/types\/page"}],"author":[{"embeddable":true,"href":"https:\/\/mbinsuranceinc.com\/pl\/wp-json\/wp\/v2\/users\/1"}],"replies":[{"embeddable":true,"href":"https:\/\/mbinsuranceinc.com\/pl\/wp-json\/wp\/v2\/comments?post=412"}],"version-history":[{"count":0,"href":"https:\/\/mbinsuranceinc.com\/pl\/wp-json\/wp\/v2\/pages\/412\/revisions"}],"wp:attachment":[{"href":"https:\/\/mbinsuranceinc.com\/pl\/wp-json\/wp\/v2\/media?parent=412"}],"curies":[{"name":"wp","href":"https:\/\/api.w.org\/{rel}","templated":true}]}}