{"id":214,"date":"2024-09-26T17:44:56","date_gmt":"2024-09-26T17:44:56","guid":{"rendered":"https:\/\/mbinsuranceinc.com\/zarezerwuj-spotkanie\/"},"modified":"2025-10-30T22:17:34","modified_gmt":"2025-10-30T22:17:34","slug":"zarezerwuj-wizyte","status":"publish","type":"page","link":"https:\/\/mbinsuranceinc.com\/pl\/zarezerwuj-wizyte\/","title":{"rendered":"Zarezerwuj wizyt\u0119"},"content":{"rendered":"\n<p class=\"max-500 tx-center\">Zarezerwuj spotkanie z nami i pozw\u00f3l nam pom\u00f3c Ci wybra\u0107 odpowiednie ubezpieczenie zdrowotne. Nie ma nic lepszego ni\u017c spotkanie jeden na jednego z prawdziwymi lud\u017ami z udokumentowanymi osi\u0105gni\u0119ciami od 2009 roku.<\/p>\n\n<!-- Calendly inline widget begin -->\r\n<div class=\"calendly-inline-widget\" style=\"min-width: 320px; height: 700px;\" data-url=\"https:\/\/calendly.com\/beatabochenek\/30-minute-meeting\">\u00a0<\/div>\r\n<p><script type=\"text\/javascript\" src=\"https:\/\/assets.calendly.com\/assets\/external\/widget.js\" async=\"\"><\/script><\/p>\r\n<!-- Calendly inline widget end -->\r\n\r\n","protected":false},"excerpt":{"rendered":"<p>Zarezerwuj spotkanie z nami i pozw\u00f3l nam pom\u00f3c Ci wybra\u0107 odpowiednie ubezpieczenie zdrowotne. Nie ma nic lepszego ni\u017c spotkanie jeden na jednego z prawdziwymi lud\u017ami z udokumentowanymi osi\u0105gni\u0119ciami od 2009 [&hellip;]<\/p>\n","protected":false},"author":1,"featured_media":0,"parent":0,"menu_order":0,"comment_status":"closed","ping_status":"closed","template":"","meta":{"_acf_changed":false,"_price":"","_stock":"","_tribe_ticket_header":"","_tribe_default_ticket_provider":"","_tribe_ticket_capacity":"0","_ticket_start_date":"","_ticket_end_date":"","_tribe_ticket_show_description":"","_tribe_ticket_show_not_going":false,"_tribe_ticket_use_global_stock":"","_tribe_ticket_global_stock_level":"","_global_stock_mode":"","_global_stock_cap":"","_tribe_rsvp_for_event":"","_tribe_ticket_going_count":"","_tribe_ticket_not_going_count":"","_tribe_tickets_list":"[]","_tribe_ticket_has_attendee_info_fields":false,"footnotes":"","_tec_slr_enabled":"","_tec_slr_layout":""},"class_list":["post-214","page","type-page","status-publish","hentry"],"acf":[],"yoast_head":"<!-- This site is optimized with the Yoast SEO plugin v24.0 - https:\/\/yoast.com\/wordpress\/plugins\/seo\/ -->\n<title>Zarezerwuj wizyt\u0119 - MB Insurance<\/title>\n<meta name=\"robots\" content=\"index, follow, max-snippet:-1, max-image-preview:large, max-video-preview:-1\" \/>\n<link rel=\"canonical\" href=\"https:\/\/mbinsuranceinc.com\/pl\/zarezerwuj-wizyte\/\" \/>\n<meta property=\"og:locale\" content=\"pl_PL\" \/>\n<meta property=\"og:type\" content=\"article\" \/>\n<meta property=\"og:title\" content=\"Zarezerwuj wizyt\u0119 - MB Insurance\" \/>\n<meta property=\"og:description\" content=\"Zarezerwuj spotkanie z nami i pozw\u00f3l nam pom\u00f3c Ci wybra\u0107 odpowiednie ubezpieczenie zdrowotne. Nie ma nic lepszego ni\u017c spotkanie jeden na jednego z prawdziwymi lud\u017ami z udokumentowanymi osi\u0105gni\u0119ciami od 2009 [&hellip;]\" \/>\n<meta property=\"og:url\" content=\"https:\/\/mbinsuranceinc.com\/pl\/zarezerwuj-wizyte\/\" \/>\n<meta property=\"og:site_name\" content=\"MB Insurance\" \/>\n<meta property=\"article:modified_time\" content=\"2025-10-30T22:17:34+00:00\" \/>\n<meta property=\"og:image\" content=\"https:\/\/mbinsuranceinc.com\/wp-content\/uploads\/2024\/12\/Yoast-Site-identity.png\" \/>\n\t<meta property=\"og:image:width\" content=\"1200\" \/>\n\t<meta property=\"og:image:height\" content=\"675\" \/>\n\t<meta property=\"og:image:type\" content=\"image\/png\" \/>\n<meta name=\"twitter:card\" content=\"summary_large_image\" \/>\n<script type=\"application\/ld+json\" class=\"yoast-schema-graph\">{\"@context\":\"https:\/\/schema.org\",\"@graph\":[{\"@type\":\"WebPage\",\"@id\":\"https:\/\/mbinsuranceinc.com\/pl\/zarezerwuj-wizyte\/\",\"url\":\"https:\/\/mbinsuranceinc.com\/pl\/zarezerwuj-wizyte\/\",\"name\":\"Zarezerwuj wizyt\u0119 - MB Insurance\",\"isPartOf\":{\"@id\":\"https:\/\/mbinsuranceinc.com\/pl\/#website\"},\"datePublished\":\"2024-09-26T17:44:56+00:00\",\"dateModified\":\"2025-10-30T22:17:34+00:00\",\"breadcrumb\":{\"@id\":\"https:\/\/mbinsuranceinc.com\/pl\/zarezerwuj-wizyte\/#breadcrumb\"},\"inLanguage\":\"pl-PL\",\"potentialAction\":[{\"@type\":\"ReadAction\",\"target\":[\"https:\/\/mbinsuranceinc.com\/pl\/zarezerwuj-wizyte\/\"]}]},{\"@type\":\"BreadcrumbList\",\"@id\":\"https:\/\/mbinsuranceinc.com\/pl\/zarezerwuj-wizyte\/#breadcrumb\",\"itemListElement\":[{\"@type\":\"ListItem\",\"position\":1,\"name\":\"Home\",\"item\":\"https:\/\/mbinsuranceinc.com\/pl\/\"},{\"@type\":\"ListItem\",\"position\":2,\"name\":\"Zarezerwuj wizyt\u0119\"}]},{\"@type\":\"WebSite\",\"@id\":\"https:\/\/mbinsuranceinc.com\/pl\/#website\",\"url\":\"https:\/\/mbinsuranceinc.com\/pl\/\",\"name\":\"MB Insurance Health and Medicare Professionals\",\"description\":\"Medicare and Health Insurance professionals\",\"potentialAction\":[{\"@type\":\"SearchAction\",\"target\":{\"@type\":\"EntryPoint\",\"urlTemplate\":\"https:\/\/mbinsuranceinc.com\/pl\/?s={search_term_string}\"},\"query-input\":{\"@type\":\"PropertyValueSpecification\",\"valueRequired\":true,\"valueName\":\"search_term_string\"}}],\"inLanguage\":\"pl-PL\"}]}<\/script>\n<!-- \/ Yoast SEO plugin. -->","yoast_head_json":{"title":"Zarezerwuj wizyt\u0119 - MB Insurance","robots":{"index":"index","follow":"follow","max-snippet":"max-snippet:-1","max-image-preview":"max-image-preview:large","max-video-preview":"max-video-preview:-1"},"canonical":"https:\/\/mbinsuranceinc.com\/pl\/zarezerwuj-wizyte\/","og_locale":"pl_PL","og_type":"article","og_title":"Zarezerwuj wizyt\u0119 - MB Insurance","og_description":"Zarezerwuj spotkanie z nami i pozw\u00f3l nam pom\u00f3c Ci wybra\u0107 odpowiednie ubezpieczenie zdrowotne. Nie ma nic lepszego ni\u017c spotkanie jeden na jednego z prawdziwymi lud\u017ami z udokumentowanymi osi\u0105gni\u0119ciami od 2009 [&hellip;]","og_url":"https:\/\/mbinsuranceinc.com\/pl\/zarezerwuj-wizyte\/","og_site_name":"MB Insurance","article_modified_time":"2025-10-30T22:17:34+00:00","og_image":[{"width":1200,"height":675,"url":"https:\/\/mbinsuranceinc.com\/wp-content\/uploads\/2024\/12\/Yoast-Site-identity.png","type":"image\/png"}],"twitter_card":"summary_large_image","schema":{"@context":"https:\/\/schema.org","@graph":[{"@type":"WebPage","@id":"https:\/\/mbinsuranceinc.com\/pl\/zarezerwuj-wizyte\/","url":"https:\/\/mbinsuranceinc.com\/pl\/zarezerwuj-wizyte\/","name":"Zarezerwuj wizyt\u0119 - MB Insurance","isPartOf":{"@id":"https:\/\/mbinsuranceinc.com\/pl\/#website"},"datePublished":"2024-09-26T17:44:56+00:00","dateModified":"2025-10-30T22:17:34+00:00","breadcrumb":{"@id":"https:\/\/mbinsuranceinc.com\/pl\/zarezerwuj-wizyte\/#breadcrumb"},"inLanguage":"pl-PL","potentialAction":[{"@type":"ReadAction","target":["https:\/\/mbinsuranceinc.com\/pl\/zarezerwuj-wizyte\/"]}]},{"@type":"BreadcrumbList","@id":"https:\/\/mbinsuranceinc.com\/pl\/zarezerwuj-wizyte\/#breadcrumb","itemListElement":[{"@type":"ListItem","position":1,"name":"Home","item":"https:\/\/mbinsuranceinc.com\/pl\/"},{"@type":"ListItem","position":2,"name":"Zarezerwuj wizyt\u0119"}]},{"@type":"WebSite","@id":"https:\/\/mbinsuranceinc.com\/pl\/#website","url":"https:\/\/mbinsuranceinc.com\/pl\/","name":"MB Insurance Health and Medicare Professionals","description":"Medicare and Health Insurance professionals","potentialAction":[{"@type":"SearchAction","target":{"@type":"EntryPoint","urlTemplate":"https:\/\/mbinsuranceinc.com\/pl\/?s={search_term_string}"},"query-input":{"@type":"PropertyValueSpecification","valueRequired":true,"valueName":"search_term_string"}}],"inLanguage":"pl-PL"}]}},"ticketed":false,"_links":{"self":[{"href":"https:\/\/mbinsuranceinc.com\/pl\/wp-json\/wp\/v2\/pages\/214","targetHints":{"allow":["GET"]}}],"collection":[{"href":"https:\/\/mbinsuranceinc.com\/pl\/wp-json\/wp\/v2\/pages"}],"about":[{"href":"https:\/\/mbinsuranceinc.com\/pl\/wp-json\/wp\/v2\/types\/page"}],"author":[{"embeddable":true,"href":"https:\/\/mbinsuranceinc.com\/pl\/wp-json\/wp\/v2\/users\/1"}],"replies":[{"embeddable":true,"href":"https:\/\/mbinsuranceinc.com\/pl\/wp-json\/wp\/v2\/comments?post=214"}],"version-history":[{"count":2,"href":"https:\/\/mbinsuranceinc.com\/pl\/wp-json\/wp\/v2\/pages\/214\/revisions"}],"predecessor-version":[{"id":597,"href":"https:\/\/mbinsuranceinc.com\/pl\/wp-json\/wp\/v2\/pages\/214\/revisions\/597"}],"wp:attachment":[{"href":"https:\/\/mbinsuranceinc.com\/pl\/wp-json\/wp\/v2\/media?parent=214"}],"curies":[{"name":"wp","href":"https:\/\/api.w.org\/{rel}","templated":true}]}}