{"id":489,"date":"2024-09-26T17:34:37","date_gmt":"2024-09-26T17:34:37","guid":{"rendered":"https:\/\/mbinsuranceinc.com\/politica-de-privacidad\/"},"modified":"2025-01-20T15:27:07","modified_gmt":"2025-01-20T15:27:07","slug":"politica-de-privacidad","status":"publish","type":"page","link":"https:\/\/mbinsuranceinc.com\/es\/politica-de-privacidad\/","title":{"rendered":"Pol\u00edtica de Privacidad"},"content":{"rendered":"\n<h2 class=\"wp-block-heading\">Quienes somos<\/h2>\n\n<p>MB Insurance es una compa\u00f1\u00eda de seguros con licencia de Medicare que atiende a clientes del \u00e1rea metropolitana de Chicago desde 2008.<\/p>\n\n<p>Nuestra empresa cuenta con un equipo boutique que habla varios idiomas ingl\u00e9s, polaco y espa\u00f1ol. Nuestro equipo est\u00e1 aqu\u00ed para ayudarlo y guiarlo en cada plan de atenci\u00f3n m\u00e9dica disponible en el gobierno de EE. UU. La direcci\u00f3n de nuestro sitio web es: <a href=\"https:\/\/mbinsuranceinc.com\/es\/\">https:\/\/mbinsuranceinc.com<\/a>.<\/p>\n\n<h2 class=\"wp-block-heading\">Medios de comunicaci\u00f3n<\/h2>\n\n<p>Si subes im\u00e1genes al sitio web, debes evitar subir im\u00e1genes con datos de ubicaci\u00f3n incrustados (GPS EXIF) incluidos. Los visitantes del sitio web pueden descargar y extraer cualquier dato de ubicaci\u00f3n de las im\u00e1genes del sitio web.<\/p>\n\n<h2 class=\"wp-block-heading\">Cookies<\/h2>\n\n<p>No utilizamos ni almacenamos cookies en nuestro sitio web.<\/p>\n\n<h2 class=\"wp-block-heading\">Contenido incrustado de otros sitios web<\/h2>\n\n<p>Los art\u00edculos de este sitio pueden incluir contenido incrustado (por ejemplo, v\u00eddeos, im\u00e1genes, art\u00edculos, etc.). El contenido incrustado de otros sitios web se comporta exactamente de la misma manera que si el visitante hubiera visitado el otro sitio web.<\/p>\n\n<p>Estos sitios web pueden recopilar datos sobre usted, utilizar cookies, incorporar seguimiento adicional de terceros y monitorear su interacci\u00f3n con ese contenido incrustado, incluido el seguimiento de su interacci\u00f3n con el contenido incrustado si tiene una cuenta y ha iniciado sesi\u00f3n en ese sitio web.<\/p>\n\n<h2 class=\"wp-block-heading\">Con qui\u00e9n compartimos tus datos<\/h2>\n\n<p>No compartimos tus datos con nadie. Sus datos est\u00e1n protegidos y almacenados \u00fanicamente para el uso de nuestra empresa.<\/p>\n\n<h2 class=\"wp-block-heading\">Cu\u00e1nto tiempo conservamos tus datos<\/h2>\n\n<p>Almacenamos tus datos junto con tu fichero f\u00edsico. Puede solicitar la eliminaci\u00f3n de sus datos poni\u00e9ndose en contacto con nosotros a trav\u00e9s de nuestra p\u00e1gina de Contacto.<\/p>\n\n<p>Para todas y cada una de las preguntas no dude en contactarnos a trav\u00e9s de nuestra p\u00e1gina de Contacto, tel\u00e9fono, correo electr\u00f3nico o visit\u00e1ndonos en persona.<\/p>\n","protected":false},"excerpt":{"rendered":"<p>Quienes somos MB Insurance es una compa\u00f1\u00eda de seguros con licencia de Medicare que atiende a clientes del \u00e1rea metropolitana de Chicago desde 2008. Nuestra empresa cuenta con un equipo [&hellip;]<\/p>\n","protected":false},"author":1,"featured_media":0,"parent":0,"menu_order":0,"comment_status":"closed","ping_status":"closed","template":"","meta":{"_acf_changed":false,"_price":"","_stock":"","_tribe_ticket_header":"","_tribe_default_ticket_provider":"","_tribe_ticket_capacity":"0","_ticket_start_date":"","_ticket_end_date":"","_tribe_ticket_show_description":"","_tribe_ticket_show_not_going":false,"_tribe_ticket_use_global_stock":"","_tribe_ticket_global_stock_level":"","_global_stock_mode":"","_global_stock_cap":"","_tribe_rsvp_for_event":"","_tribe_ticket_going_count":"","_tribe_ticket_not_going_count":"","_tribe_tickets_list":"[]","_tribe_ticket_has_attendee_info_fields":false,"footnotes":"","_tec_slr_enabled":"","_tec_slr_layout":""},"class_list":["post-489","page","type-page","status-publish","hentry"],"acf":[],"yoast_head":"<!-- This site is optimized with the Yoast SEO plugin v24.0 - https:\/\/yoast.com\/wordpress\/plugins\/seo\/ -->\n<title>Pol\u00edtica de Privacidad - MB Insurance<\/title>\n<meta name=\"robots\" content=\"index, follow, max-snippet:-1, max-image-preview:large, max-video-preview:-1\" \/>\n<link rel=\"canonical\" href=\"https:\/\/mbinsuranceinc.com\/es\/politica-de-privacidad\/\" \/>\n<meta property=\"og:locale\" content=\"es_ES\" \/>\n<meta property=\"og:type\" content=\"article\" \/>\n<meta property=\"og:title\" content=\"Pol\u00edtica de Privacidad - MB Insurance\" \/>\n<meta property=\"og:description\" content=\"Quienes somos MB Insurance es una compa\u00f1\u00eda de seguros con licencia de Medicare que atiende a clientes del \u00e1rea metropolitana de Chicago desde 2008. Nuestra empresa cuenta con un equipo [&hellip;]\" \/>\n<meta property=\"og:url\" content=\"https:\/\/mbinsuranceinc.com\/es\/politica-de-privacidad\/\" \/>\n<meta property=\"og:site_name\" content=\"MB Insurance\" \/>\n<meta property=\"article:modified_time\" content=\"2025-01-20T15:27:07+00:00\" \/>\n<meta property=\"og:image\" content=\"https:\/\/mbinsuranceinc.com\/wp-content\/uploads\/2024\/12\/Yoast-Site-identity.png\" \/>\n\t<meta property=\"og:image:width\" content=\"1200\" \/>\n\t<meta property=\"og:image:height\" content=\"675\" \/>\n\t<meta property=\"og:image:type\" content=\"image\/png\" \/>\n<meta name=\"twitter:card\" content=\"summary_large_image\" \/>\n<meta name=\"twitter:label1\" content=\"Tiempo de lectura\" \/>\n\t<meta name=\"twitter:data1\" content=\"2 minutos\" \/>\n<script type=\"application\/ld+json\" class=\"yoast-schema-graph\">{\"@context\":\"https:\/\/schema.org\",\"@graph\":[{\"@type\":\"WebPage\",\"@id\":\"https:\/\/mbinsuranceinc.com\/es\/politica-de-privacidad\/\",\"url\":\"https:\/\/mbinsuranceinc.com\/es\/politica-de-privacidad\/\",\"name\":\"Pol\u00edtica de Privacidad - MB Insurance\",\"isPartOf\":{\"@id\":\"https:\/\/mbinsuranceinc.com\/es\/#website\"},\"datePublished\":\"2024-09-26T17:34:37+00:00\",\"dateModified\":\"2025-01-20T15:27:07+00:00\",\"breadcrumb\":{\"@id\":\"https:\/\/mbinsuranceinc.com\/es\/politica-de-privacidad\/#breadcrumb\"},\"inLanguage\":\"es\",\"potentialAction\":[{\"@type\":\"ReadAction\",\"target\":[\"https:\/\/mbinsuranceinc.com\/es\/politica-de-privacidad\/\"]}]},{\"@type\":\"BreadcrumbList\",\"@id\":\"https:\/\/mbinsuranceinc.com\/es\/politica-de-privacidad\/#breadcrumb\",\"itemListElement\":[{\"@type\":\"ListItem\",\"position\":1,\"name\":\"Home\",\"item\":\"https:\/\/mbinsuranceinc.com\/es\/\"},{\"@type\":\"ListItem\",\"position\":2,\"name\":\"Pol\u00edtica de Privacidad\"}]},{\"@type\":\"WebSite\",\"@id\":\"https:\/\/mbinsuranceinc.com\/es\/#website\",\"url\":\"https:\/\/mbinsuranceinc.com\/es\/\",\"name\":\"MB Insurance Health and Medicare Professionals\",\"description\":\"Medicare and Health Insurance professionals\",\"potentialAction\":[{\"@type\":\"SearchAction\",\"target\":{\"@type\":\"EntryPoint\",\"urlTemplate\":\"https:\/\/mbinsuranceinc.com\/es\/?s={search_term_string}\"},\"query-input\":{\"@type\":\"PropertyValueSpecification\",\"valueRequired\":true,\"valueName\":\"search_term_string\"}}],\"inLanguage\":\"es\"}]}<\/script>\n<!-- \/ Yoast SEO plugin. -->","yoast_head_json":{"title":"Pol\u00edtica de Privacidad - MB Insurance","robots":{"index":"index","follow":"follow","max-snippet":"max-snippet:-1","max-image-preview":"max-image-preview:large","max-video-preview":"max-video-preview:-1"},"canonical":"https:\/\/mbinsuranceinc.com\/es\/politica-de-privacidad\/","og_locale":"es_ES","og_type":"article","og_title":"Pol\u00edtica de Privacidad - MB Insurance","og_description":"Quienes somos MB Insurance es una compa\u00f1\u00eda de seguros con licencia de Medicare que atiende a clientes del \u00e1rea metropolitana de Chicago desde 2008. Nuestra empresa cuenta con un equipo [&hellip;]","og_url":"https:\/\/mbinsuranceinc.com\/es\/politica-de-privacidad\/","og_site_name":"MB Insurance","article_modified_time":"2025-01-20T15:27:07+00:00","og_image":[{"width":1200,"height":675,"url":"https:\/\/mbinsuranceinc.com\/wp-content\/uploads\/2024\/12\/Yoast-Site-identity.png","type":"image\/png"}],"twitter_card":"summary_large_image","twitter_misc":{"Tiempo de lectura":"2 minutos"},"schema":{"@context":"https:\/\/schema.org","@graph":[{"@type":"WebPage","@id":"https:\/\/mbinsuranceinc.com\/es\/politica-de-privacidad\/","url":"https:\/\/mbinsuranceinc.com\/es\/politica-de-privacidad\/","name":"Pol\u00edtica de Privacidad - MB Insurance","isPartOf":{"@id":"https:\/\/mbinsuranceinc.com\/es\/#website"},"datePublished":"2024-09-26T17:34:37+00:00","dateModified":"2025-01-20T15:27:07+00:00","breadcrumb":{"@id":"https:\/\/mbinsuranceinc.com\/es\/politica-de-privacidad\/#breadcrumb"},"inLanguage":"es","potentialAction":[{"@type":"ReadAction","target":["https:\/\/mbinsuranceinc.com\/es\/politica-de-privacidad\/"]}]},{"@type":"BreadcrumbList","@id":"https:\/\/mbinsuranceinc.com\/es\/politica-de-privacidad\/#breadcrumb","itemListElement":[{"@type":"ListItem","position":1,"name":"Home","item":"https:\/\/mbinsuranceinc.com\/es\/"},{"@type":"ListItem","position":2,"name":"Pol\u00edtica de Privacidad"}]},{"@type":"WebSite","@id":"https:\/\/mbinsuranceinc.com\/es\/#website","url":"https:\/\/mbinsuranceinc.com\/es\/","name":"MB Insurance Health and Medicare Professionals","description":"Medicare and Health Insurance professionals","potentialAction":[{"@type":"SearchAction","target":{"@type":"EntryPoint","urlTemplate":"https:\/\/mbinsuranceinc.com\/es\/?s={search_term_string}"},"query-input":{"@type":"PropertyValueSpecification","valueRequired":true,"valueName":"search_term_string"}}],"inLanguage":"es"}]}},"ticketed":false,"_links":{"self":[{"href":"https:\/\/mbinsuranceinc.com\/es\/wp-json\/wp\/v2\/pages\/489","targetHints":{"allow":["GET"]}}],"collection":[{"href":"https:\/\/mbinsuranceinc.com\/es\/wp-json\/wp\/v2\/pages"}],"about":[{"href":"https:\/\/mbinsuranceinc.com\/es\/wp-json\/wp\/v2\/types\/page"}],"author":[{"embeddable":true,"href":"https:\/\/mbinsuranceinc.com\/es\/wp-json\/wp\/v2\/users\/1"}],"replies":[{"embeddable":true,"href":"https:\/\/mbinsuranceinc.com\/es\/wp-json\/wp\/v2\/comments?post=489"}],"version-history":[{"count":1,"href":"https:\/\/mbinsuranceinc.com\/es\/wp-json\/wp\/v2\/pages\/489\/revisions"}],"predecessor-version":[{"id":490,"href":"https:\/\/mbinsuranceinc.com\/es\/wp-json\/wp\/v2\/pages\/489\/revisions\/490"}],"wp:attachment":[{"href":"https:\/\/mbinsuranceinc.com\/es\/wp-json\/wp\/v2\/media?parent=489"}],"curies":[{"name":"wp","href":"https:\/\/api.w.org\/{rel}","templated":true}]}}