{"id":413,"date":"2024-09-26T17:47:48","date_gmt":"2024-09-26T17:47:48","guid":{"rendered":"https:\/\/mbinsuranceinc.com\/terminos-de-uso\/"},"modified":"2024-12-09T21:47:04","modified_gmt":"2024-12-09T21:47:04","slug":"terminos-de-uso","status":"publish","type":"page","link":"https:\/\/mbinsuranceinc.com\/es\/terminos-de-uso\/","title":{"rendered":"Condiciones de uso"},"content":{"rendered":"\n<p>Bienvenido a MB Insurance Inc, donde brindamos informaci\u00f3n y servicios relacionados con seguros m\u00e9dicos. Al acceder a nuestro sitio web, usted acepta cumplir y estar sujeto a los siguientes T\u00e9rminos de uso.<\/p>\n\n<ol class=\"wp-block-list\">\n<li><strong>Uso del sitio web<\/strong>&#13;\n&#13;\nUsted acepta no participar en ninguna actividad que pueda da\u00f1ar, deshabilitar o perjudicar la funcionalidad del sitio, o interferir con el uso del sitio web por parte de cualquier otro usuario.<\/li>\n\n\n\n<li><strong>Precisi\u00f3n de la informaci\u00f3n<\/strong>&#13;\n&#13;\nSi bien nos esforzamos por proporcionar informaci\u00f3n precisa y actualizada, <a href=\"https:\/\/mbinsuranceinc.com\/es\/\">MBInsuranceinc.com<\/a> no ofrece garant\u00edas ni representaciones con respecto a la exactitud, confiabilidad o integridad de la informaci\u00f3n proporcionada. Todo el contenido del sitio web tiene fines informativos \u00fanicamente y no debe considerarse como asesoramiento m\u00e9dico, legal o financiero.<\/li>\n\n\n\n<li><strong>Servicios de seguros m\u00e9dicos<\/strong>&#13;\n&#13;\nBrindamos informaci\u00f3n especializada sobre opciones de seguro m\u00e9dico, pero no ofrecemos p\u00f3lizas de seguro directamente. Para obtener asesoramiento personalizado sobre seguros o comprar un seguro, consulte con un profesional o asegurador autorizado.<\/li>\n\n\n\n<li><strong>Privacidad y seguridad de datos<\/strong>&#13;\n&#13;\nEl uso de nuestro sitio web est\u00e1 sujeto a nuestra Pol\u00edtica de Privacidad, que explica c\u00f3mo recopilamos, utilizamos y protegemos su informaci\u00f3n personal. Al utilizar el sitio web, usted acepta las pr\u00e1cticas descritas en nuestra Pol\u00edtica de <a href=\"https:\/\/mbinsuranceinc.com\/privacy-policy\/\">Privacidad<\/a>.<\/li>\n\n\n\n<li><strong>Enlaces a sitios web de terceros<\/strong>&#13;\n&#13;\nNuestro sitio web puede contener enlaces a sitios web de terceros para su comodidad. No controlamos ni respaldamos estos sitios externos y no somos responsables de su contenido, pr\u00e1cticas de privacidad o t\u00e9rminos de uso.<\/li>\n\n\n\n<li><strong>Limitaci\u00f3n de responsabilidad<\/strong>&#13;\n&#13;\nNuestro sitio web y sus afiliados no son responsables de ning\u00fan da\u00f1o directo, indirecto, incidental o consecuente que surja del uso del sitio web o de la confianza en la informaci\u00f3n proporcionada. No garantizamos el acceso ininterrumpido al sitio.<\/li>\n\n\n\n<li><strong>Cambios a los t\u00e9rminos<\/strong>&#13;\n&#13;\nNos reservamos el derecho de actualizar o modificar estos T\u00e9rminos de uso en cualquier momento. Los cambios se publicar\u00e1n en esta p\u00e1gina y la fecha revisada se actualizar\u00e1 en consecuencia. Revise estos t\u00e9rminos peri\u00f3dicamente.<\/li>\n\n\n\n<li><strong>Contacta con nosotros<\/strong>&#13;\n&#13;\nSi tiene alguna pregunta o inquietud con respecto a estos T\u00e9rminos de uso, comun\u00edquese con nosotros en <a href=\"https:\/\/mbinsuranceinc.com\/es\/contacto\/\">la p\u00e1gina de contacto<\/a>.<\/li>\n<\/ol>\n","protected":false},"excerpt":{"rendered":"<p>Bienvenido a MB Insurance Inc, donde brindamos informaci\u00f3n y servicios relacionados con seguros m\u00e9dicos. Al acceder a nuestro sitio web, usted acepta cumplir y estar sujeto a los siguientes T\u00e9rminos [&hellip;]<\/p>\n","protected":false},"author":1,"featured_media":0,"parent":0,"menu_order":0,"comment_status":"closed","ping_status":"closed","template":"","meta":{"_acf_changed":false,"_price":"","_stock":"","_tribe_ticket_header":"","_tribe_default_ticket_provider":"","_tribe_ticket_capacity":"0","_ticket_start_date":"","_ticket_end_date":"","_tribe_ticket_show_description":"","_tribe_ticket_show_not_going":false,"_tribe_ticket_use_global_stock":"","_tribe_ticket_global_stock_level":"","_global_stock_mode":"","_global_stock_cap":"","_tribe_rsvp_for_event":"","_tribe_ticket_going_count":"","_tribe_ticket_not_going_count":"","_tribe_tickets_list":"[]","_tribe_ticket_has_attendee_info_fields":false,"footnotes":"","_tec_slr_enabled":"","_tec_slr_layout":""},"class_list":["post-413","page","type-page","status-publish","hentry"],"acf":[],"yoast_head":"<!-- This site is optimized with the Yoast SEO plugin v24.0 - https:\/\/yoast.com\/wordpress\/plugins\/seo\/ -->\n<title>Condiciones de uso - MB Insurance<\/title>\n<meta name=\"robots\" content=\"index, follow, max-snippet:-1, max-image-preview:large, max-video-preview:-1\" \/>\n<link rel=\"canonical\" href=\"https:\/\/mbinsuranceinc.com\/es\/terminos-de-uso\/\" \/>\n<meta property=\"og:locale\" content=\"es_ES\" \/>\n<meta property=\"og:type\" content=\"article\" \/>\n<meta property=\"og:title\" content=\"Condiciones de uso - MB Insurance\" \/>\n<meta property=\"og:description\" content=\"Bienvenido a MB Insurance Inc, donde brindamos informaci\u00f3n y servicios relacionados con seguros m\u00e9dicos. Al acceder a nuestro sitio web, usted acepta cumplir y estar sujeto a los siguientes T\u00e9rminos [&hellip;]\" \/>\n<meta property=\"og:url\" content=\"https:\/\/mbinsuranceinc.com\/es\/terminos-de-uso\/\" \/>\n<meta property=\"og:site_name\" content=\"MB Insurance\" \/>\n<meta property=\"article:modified_time\" content=\"2024-12-09T21:47:04+00:00\" \/>\n<meta property=\"og:image\" content=\"https:\/\/mbinsuranceinc.com\/wp-content\/uploads\/2024\/12\/Yoast-Site-identity.png\" \/>\n\t<meta property=\"og:image:width\" content=\"1200\" \/>\n\t<meta property=\"og:image:height\" content=\"675\" \/>\n\t<meta property=\"og:image:type\" content=\"image\/png\" \/>\n<meta name=\"twitter:card\" content=\"summary_large_image\" \/>\n<meta name=\"twitter:label1\" content=\"Tiempo de lectura\" \/>\n\t<meta name=\"twitter:data1\" content=\"2 minutos\" \/>\n<script type=\"application\/ld+json\" class=\"yoast-schema-graph\">{\"@context\":\"https:\/\/schema.org\",\"@graph\":[{\"@type\":\"WebPage\",\"@id\":\"https:\/\/mbinsuranceinc.com\/es\/terminos-de-uso\/\",\"url\":\"https:\/\/mbinsuranceinc.com\/es\/terminos-de-uso\/\",\"name\":\"Condiciones de uso - MB Insurance\",\"isPartOf\":{\"@id\":\"https:\/\/mbinsuranceinc.com\/es\/#website\"},\"datePublished\":\"2024-09-26T17:47:48+00:00\",\"dateModified\":\"2024-12-09T21:47:04+00:00\",\"breadcrumb\":{\"@id\":\"https:\/\/mbinsuranceinc.com\/es\/terminos-de-uso\/#breadcrumb\"},\"inLanguage\":\"es\",\"potentialAction\":[{\"@type\":\"ReadAction\",\"target\":[\"https:\/\/mbinsuranceinc.com\/es\/terminos-de-uso\/\"]}]},{\"@type\":\"BreadcrumbList\",\"@id\":\"https:\/\/mbinsuranceinc.com\/es\/terminos-de-uso\/#breadcrumb\",\"itemListElement\":[{\"@type\":\"ListItem\",\"position\":1,\"name\":\"Home\",\"item\":\"https:\/\/mbinsuranceinc.com\/es\/\"},{\"@type\":\"ListItem\",\"position\":2,\"name\":\"Condiciones de uso\"}]},{\"@type\":\"WebSite\",\"@id\":\"https:\/\/mbinsuranceinc.com\/es\/#website\",\"url\":\"https:\/\/mbinsuranceinc.com\/es\/\",\"name\":\"MB Insurance Health and Medicare Professionals\",\"description\":\"Medicare and Health Insurance professionals\",\"potentialAction\":[{\"@type\":\"SearchAction\",\"target\":{\"@type\":\"EntryPoint\",\"urlTemplate\":\"https:\/\/mbinsuranceinc.com\/es\/?s={search_term_string}\"},\"query-input\":{\"@type\":\"PropertyValueSpecification\",\"valueRequired\":true,\"valueName\":\"search_term_string\"}}],\"inLanguage\":\"es\"}]}<\/script>\n<!-- \/ Yoast SEO plugin. -->","yoast_head_json":{"title":"Condiciones de uso - MB Insurance","robots":{"index":"index","follow":"follow","max-snippet":"max-snippet:-1","max-image-preview":"max-image-preview:large","max-video-preview":"max-video-preview:-1"},"canonical":"https:\/\/mbinsuranceinc.com\/es\/terminos-de-uso\/","og_locale":"es_ES","og_type":"article","og_title":"Condiciones de uso - MB Insurance","og_description":"Bienvenido a MB Insurance Inc, donde brindamos informaci\u00f3n y servicios relacionados con seguros m\u00e9dicos. Al acceder a nuestro sitio web, usted acepta cumplir y estar sujeto a los siguientes T\u00e9rminos [&hellip;]","og_url":"https:\/\/mbinsuranceinc.com\/es\/terminos-de-uso\/","og_site_name":"MB Insurance","article_modified_time":"2024-12-09T21:47:04+00:00","og_image":[{"width":1200,"height":675,"url":"https:\/\/mbinsuranceinc.com\/wp-content\/uploads\/2024\/12\/Yoast-Site-identity.png","type":"image\/png"}],"twitter_card":"summary_large_image","twitter_misc":{"Tiempo de lectura":"2 minutos"},"schema":{"@context":"https:\/\/schema.org","@graph":[{"@type":"WebPage","@id":"https:\/\/mbinsuranceinc.com\/es\/terminos-de-uso\/","url":"https:\/\/mbinsuranceinc.com\/es\/terminos-de-uso\/","name":"Condiciones de uso - MB Insurance","isPartOf":{"@id":"https:\/\/mbinsuranceinc.com\/es\/#website"},"datePublished":"2024-09-26T17:47:48+00:00","dateModified":"2024-12-09T21:47:04+00:00","breadcrumb":{"@id":"https:\/\/mbinsuranceinc.com\/es\/terminos-de-uso\/#breadcrumb"},"inLanguage":"es","potentialAction":[{"@type":"ReadAction","target":["https:\/\/mbinsuranceinc.com\/es\/terminos-de-uso\/"]}]},{"@type":"BreadcrumbList","@id":"https:\/\/mbinsuranceinc.com\/es\/terminos-de-uso\/#breadcrumb","itemListElement":[{"@type":"ListItem","position":1,"name":"Home","item":"https:\/\/mbinsuranceinc.com\/es\/"},{"@type":"ListItem","position":2,"name":"Condiciones de uso"}]},{"@type":"WebSite","@id":"https:\/\/mbinsuranceinc.com\/es\/#website","url":"https:\/\/mbinsuranceinc.com\/es\/","name":"MB Insurance Health and Medicare Professionals","description":"Medicare and Health Insurance professionals","potentialAction":[{"@type":"SearchAction","target":{"@type":"EntryPoint","urlTemplate":"https:\/\/mbinsuranceinc.com\/es\/?s={search_term_string}"},"query-input":{"@type":"PropertyValueSpecification","valueRequired":true,"valueName":"search_term_string"}}],"inLanguage":"es"}]}},"ticketed":false,"_links":{"self":[{"href":"https:\/\/mbinsuranceinc.com\/es\/wp-json\/wp\/v2\/pages\/413","targetHints":{"allow":["GET"]}}],"collection":[{"href":"https:\/\/mbinsuranceinc.com\/es\/wp-json\/wp\/v2\/pages"}],"about":[{"href":"https:\/\/mbinsuranceinc.com\/es\/wp-json\/wp\/v2\/types\/page"}],"author":[{"embeddable":true,"href":"https:\/\/mbinsuranceinc.com\/es\/wp-json\/wp\/v2\/users\/1"}],"replies":[{"embeddable":true,"href":"https:\/\/mbinsuranceinc.com\/es\/wp-json\/wp\/v2\/comments?post=413"}],"version-history":[{"count":2,"href":"https:\/\/mbinsuranceinc.com\/es\/wp-json\/wp\/v2\/pages\/413\/revisions"}],"predecessor-version":[{"id":488,"href":"https:\/\/mbinsuranceinc.com\/es\/wp-json\/wp\/v2\/pages\/413\/revisions\/488"}],"wp:attachment":[{"href":"https:\/\/mbinsuranceinc.com\/es\/wp-json\/wp\/v2\/media?parent=413"}],"curies":[{"name":"wp","href":"https:\/\/api.w.org\/{rel}","templated":true}]}}